{"id":877,"date":"2025-05-14T20:40:25","date_gmt":"2025-05-15T00:40:25","guid":{"rendered":"https:\/\/papeldepapier.com\/?post_type=product&#038;p=877"},"modified":"2025-05-14T20:44:50","modified_gmt":"2025-05-15T00:44:50","slug":"marcapagina-simple-conejo","status":"publish","type":"product","link":"https:\/\/papeldepapier.com\/?product=marcapagina-simple-conejo","title":{"rendered":"MARCAPAGINA SIMPLE CONEJO"},"content":{"rendered":"<p class=\"\" data-start=\"93\" data-end=\"228\"><strong data-start=\"93\" data-end=\"159\">Lindo marcap\u00e1ginas ilustrado<\/strong><\/p>\n<p class=\"\" data-start=\"93\" data-end=\"228\">\u00a1El accesorio perfecto para lectores y amantes de los libros!<\/p>\n<p class=\"\" data-start=\"230\" data-end=\"383\">Este marcap\u00e1ginas dise\u00f1o simple y clasico. Tiene ilustraci\u00f3n por un solo lado el cual est\u00e1 laminado con un acabado hologr\u00e1fico, que le da un brillo encantador y lo hace m\u00e1s resistente.<\/p>\n<p>* el laminado holografico es al azar puede ser con dise\u00f1o de estrella o puntos segun diponiblidiad *<\/p>\n<p data-start=\"76\" data-end=\"141\">Marcapaginas hecho a mano, con dise\u00f1os 100% originales, Cada marcapagina est\u00e1 hecho a mano por lo que pueden tener ligeras variaciones que los hacen \u00fanicos.<\/p>\n<p>&nbsp;<\/p>\n<p class=\"\" data-start=\"443\" data-end=\"503\">Todos los dise\u00f1os tienen derechos de autor \u00a9 valeria pacheco<\/p>\n","protected":false},"excerpt":{"rendered":"<p>Lindo marcap\u00e1ginas ilustrado \u00a1El accesorio perfecto para lectores y amantes de los libros! Este marcap\u00e1ginas dise\u00f1o simple y clasico. Tiene ilustraci\u00f3n por un solo lado el cual est\u00e1 laminado con un acabado hologr\u00e1fico, que le da un brillo encantador y lo hace m\u00e1s resistente. * el laminado holografico es al azar puede ser con dise\u00f1o [&hellip;]<\/p>\n","protected":false},"featured_media":842,"comment_status":"open","ping_status":"closed","template":"","meta":[],"product_brand":[],"product_cat":[31],"product_tag":[59,58,27,28],"class_list":{"0":"post-877","1":"product","2":"type-product","3":"status-publish","4":"has-post-thumbnail","6":"product_cat-marcapaginas","7":"product_tag-animales-del-bosque","8":"product_tag-ciervo","9":"product_tag-marcapaginas","10":"product_tag-marcapaginas-magnetico","12":"first","13":"instock","14":"shipping-taxable","15":"purchasable","16":"product-type-simple"},"_links":{"self":[{"href":"https:\/\/papeldepapier.com\/index.php?rest_route=\/wp\/v2\/product\/877","targetHints":{"allow":["GET"]}}],"collection":[{"href":"https:\/\/papeldepapier.com\/index.php?rest_route=\/wp\/v2\/product"}],"about":[{"href":"https:\/\/papeldepapier.com\/index.php?rest_route=\/wp\/v2\/types\/product"}],"replies":[{"embeddable":true,"href":"https:\/\/papeldepapier.com\/index.php?rest_route=%2Fwp%2Fv2%2Fcomments&post=877"}],"wp:featuredmedia":[{"embeddable":true,"href":"https:\/\/papeldepapier.com\/index.php?rest_route=\/wp\/v2\/media\/842"}],"wp:attachment":[{"href":"https:\/\/papeldepapier.com\/index.php?rest_route=%2Fwp%2Fv2%2Fmedia&parent=877"}],"wp:term":[{"taxonomy":"product_brand","embeddable":true,"href":"https:\/\/papeldepapier.com\/index.php?rest_route=%2Fwp%2Fv2%2Fproduct_brand&post=877"},{"taxonomy":"product_cat","embeddable":true,"href":"https:\/\/papeldepapier.com\/index.php?rest_route=%2Fwp%2Fv2%2Fproduct_cat&post=877"},{"taxonomy":"product_tag","embeddable":true,"href":"https:\/\/papeldepapier.com\/index.php?rest_route=%2Fwp%2Fv2%2Fproduct_tag&post=877"}],"curies":[{"name":"wp","href":"https:\/\/api.w.org\/{rel}","templated":true}]}}