{"id":819,"date":"2025-05-14T15:13:01","date_gmt":"2025-05-14T19:13:01","guid":{"rendered":"https:\/\/papeldepapier.com\/?post_type=product&#038;p=819"},"modified":"2026-01-29T12:26:13","modified_gmt":"2026-01-29T16:26:13","slug":"marcapaginas-zorro","status":"publish","type":"product","link":"https:\/\/papeldepapier.com\/?product=marcapaginas-zorro","title":{"rendered":"MARCAPAGINAS ZORRO"},"content":{"rendered":"<p class=\"\" data-start=\"93\" data-end=\"228\"><strong data-start=\"93\" data-end=\"159\">Lindo marcap\u00e1ginas ilustrado<\/strong><\/p>\n<p class=\"\" data-start=\"93\" data-end=\"228\">\u00a1El accesorio perfecto para lectores y amantes de los libros!<\/p>\n<p class=\"\" data-start=\"230\" data-end=\"383\">Este marcap\u00e1ginas destaca por su forma \u00fanica, que sigue el contorno del dise\u00f1o. Tiene ilustraci\u00f3n por ambos lados y est\u00e1 laminado con un acabado hologr\u00e1fico en ambas caras, lo que le da un brillo encantador y lo hace m\u00e1s resistente.<\/p>\n<p data-start=\"76\" data-end=\"141\">Marcapaginas hecho a mano, con dise\u00f1os 100% originales, Cada marcapagina est\u00e1 hecho a mano por lo que pueden tener ligeras variaciones que los hacen \u00fanicos.<\/p>\n<p>&nbsp;<\/p>\n<p class=\"\" data-start=\"443\" data-end=\"503\">Todos los dise\u00f1os tienen derechos de autor \u00a9 valeria pacheco<\/p>\n","protected":false},"excerpt":{"rendered":"<p>Lindo marcap\u00e1ginas ilustrado \u00a1El accesorio perfecto para lectores y amantes de los libros! Este marcap\u00e1ginas destaca por su forma \u00fanica, que sigue el contorno del dise\u00f1o. Tiene ilustraci\u00f3n por ambos lados y est\u00e1 laminado con un acabado hologr\u00e1fico en ambas caras, lo que le da un brillo encantador y lo hace m\u00e1s resistente. Marcapaginas hecho [&hellip;]<\/p>\n","protected":false},"featured_media":803,"comment_status":"open","ping_status":"closed","template":"","meta":[],"product_brand":[],"product_cat":[31],"product_tag":[27,28,42,44,43,49],"class_list":{"0":"post-819","1":"product","2":"type-product","3":"status-publish","4":"has-post-thumbnail","6":"product_cat-marcapaginas","7":"product_tag-marcapaginas","8":"product_tag-marcapaginas-magnetico","9":"product_tag-perritos","10":"product_tag-perro","11":"product_tag-perros","12":"product_tag-ratoncito","14":"first","15":"instock","16":"shipping-taxable","17":"purchasable","18":"product-type-simple"},"_links":{"self":[{"href":"https:\/\/papeldepapier.com\/index.php?rest_route=\/wp\/v2\/product\/819","targetHints":{"allow":["GET"]}}],"collection":[{"href":"https:\/\/papeldepapier.com\/index.php?rest_route=\/wp\/v2\/product"}],"about":[{"href":"https:\/\/papeldepapier.com\/index.php?rest_route=\/wp\/v2\/types\/product"}],"replies":[{"embeddable":true,"href":"https:\/\/papeldepapier.com\/index.php?rest_route=%2Fwp%2Fv2%2Fcomments&post=819"}],"wp:featuredmedia":[{"embeddable":true,"href":"https:\/\/papeldepapier.com\/index.php?rest_route=\/wp\/v2\/media\/803"}],"wp:attachment":[{"href":"https:\/\/papeldepapier.com\/index.php?rest_route=%2Fwp%2Fv2%2Fmedia&parent=819"}],"wp:term":[{"taxonomy":"product_brand","embeddable":true,"href":"https:\/\/papeldepapier.com\/index.php?rest_route=%2Fwp%2Fv2%2Fproduct_brand&post=819"},{"taxonomy":"product_cat","embeddable":true,"href":"https:\/\/papeldepapier.com\/index.php?rest_route=%2Fwp%2Fv2%2Fproduct_cat&post=819"},{"taxonomy":"product_tag","embeddable":true,"href":"https:\/\/papeldepapier.com\/index.php?rest_route=%2Fwp%2Fv2%2Fproduct_tag&post=819"}],"curies":[{"name":"wp","href":"https:\/\/api.w.org\/{rel}","templated":true}]}}