{"id":314,"date":"2025-04-15T01:27:19","date_gmt":"2025-04-15T01:27:19","guid":{"rendered":"https:\/\/172-234-239-151.ip.linodeusercontent.com\/?post_type=product&#038;p=314"},"modified":"2025-05-14T14:49:16","modified_gmt":"2025-05-14T18:49:16","slug":"stickers-perritos-pequenos","status":"publish","type":"product","link":"https:\/\/papeldepapier.com\/?product=stickers-perritos-pequenos","title":{"rendered":"STICKERS PERRITOS PEQUE\u00d1OS"},"content":{"rendered":"<p class=\"\" data-start=\"64\" data-end=\"112\"><strong data-start=\"64\" data-end=\"110\">Stickers con dise\u00f1os \u00fanicos, hechos a mano.<\/strong><\/p>\n<ul>\n<li data-start=\"114\" data-end=\"501\">Hoja con stickers holograficos de gatitos perfecta para usar en tu journal, agenda o donde quieras a\u00f1adir un toque especial.<\/li>\n<li data-start=\"114\" data-end=\"501\">Las l\u00e1minas miden 18,5 x 8,5 cm.<\/li>\n<li data-start=\"114\" data-end=\"501\">Impresas en papel fotografico adhesivo y laminado holografico.<\/li>\n<li data-start=\"114\" data-end=\"501\">Cada sticker est\u00e1 hecho a mano por lo que pueden tener ligeras variaciones que los hacen \u00fanicos.<\/li>\n<\/ul>\n<p class=\"\" data-start=\"114\" data-end=\"501\"><br data-start=\"438\" data-end=\"441\" data-is-only-node=\"\" \/>Todos los dise\u00f1os tienen derechos de autor \u00a9 valeria pacheco<\/p>\n","protected":false},"excerpt":{"rendered":"<p>Stickers con dise\u00f1os \u00fanicos, hechos a mano. Hoja con stickers holograficos de gatitos perfecta para usar en tu journal, agenda o donde quieras a\u00f1adir un toque especial. Las l\u00e1minas miden 18,5 x 8,5 cm. Impresas en papel fotografico adhesivo y laminado holografico. Cada sticker est\u00e1 hecho a mano por lo que pueden tener ligeras variaciones [&hellip;]<\/p>\n","protected":false},"featured_media":308,"comment_status":"open","ping_status":"closed","template":"","meta":[],"product_brand":[],"product_cat":[36],"product_tag":[42,44,43,22],"class_list":{"0":"post-314","1":"product","2":"type-product","3":"status-publish","4":"has-post-thumbnail","6":"product_cat-stickers","7":"product_tag-perritos","8":"product_tag-perro","9":"product_tag-perros","10":"product_tag-stickers","12":"first","13":"instock","14":"shipping-taxable","15":"purchasable","16":"product-type-simple"},"_links":{"self":[{"href":"https:\/\/papeldepapier.com\/index.php?rest_route=\/wp\/v2\/product\/314","targetHints":{"allow":["GET"]}}],"collection":[{"href":"https:\/\/papeldepapier.com\/index.php?rest_route=\/wp\/v2\/product"}],"about":[{"href":"https:\/\/papeldepapier.com\/index.php?rest_route=\/wp\/v2\/types\/product"}],"replies":[{"embeddable":true,"href":"https:\/\/papeldepapier.com\/index.php?rest_route=%2Fwp%2Fv2%2Fcomments&post=314"}],"wp:featuredmedia":[{"embeddable":true,"href":"https:\/\/papeldepapier.com\/index.php?rest_route=\/wp\/v2\/media\/308"}],"wp:attachment":[{"href":"https:\/\/papeldepapier.com\/index.php?rest_route=%2Fwp%2Fv2%2Fmedia&parent=314"}],"wp:term":[{"taxonomy":"product_brand","embeddable":true,"href":"https:\/\/papeldepapier.com\/index.php?rest_route=%2Fwp%2Fv2%2Fproduct_brand&post=314"},{"taxonomy":"product_cat","embeddable":true,"href":"https:\/\/papeldepapier.com\/index.php?rest_route=%2Fwp%2Fv2%2Fproduct_cat&post=314"},{"taxonomy":"product_tag","embeddable":true,"href":"https:\/\/papeldepapier.com\/index.php?rest_route=%2Fwp%2Fv2%2Fproduct_tag&post=314"}],"curies":[{"name":"wp","href":"https:\/\/api.w.org\/{rel}","templated":true}]}}