{"id":1844,"date":"2026-04-16T19:47:09","date_gmt":"2026-04-16T23:47:09","guid":{"rendered":"https:\/\/papeldepapier.com\/?post_type=product&#038;p=1844"},"modified":"2026-04-16T19:48:08","modified_gmt":"2026-04-16T23:48:08","slug":"vaso-termico-turquesa-frutilla","status":"publish","type":"product","link":"https:\/\/papeldepapier.com\/?product=vaso-termico-turquesa-frutilla","title":{"rendered":"VASO TERMICO TURQUESA: FRUTILLA"},"content":{"rendered":"<p><strong>VASO T\u00c9RMICO ILUSTRADA \u2013 1200 ML<\/strong><\/p>\n<p>Dise\u00f1o y funcionalidad para tu d\u00eda a d\u00eda.<\/p>\n<p>Fabricada en acero inoxidable, esta botella mantiene tus bebidas fr\u00edas o calientes hasta por 12 horas. Su formato resistente y pr\u00e1ctico la hace ideal para acompa\u00f1arte donde vayas, mientras su dise\u00f1o ilustrado aporta un toque \u00fanico y personal.<\/p>\n<p><strong>DETALLES<\/strong><\/p>\n<ul>\n<li>Capacidad: 1200 ml<\/li>\n<li>Material: Acero inoxidable<\/li>\n<li>Mantiene fr\u00edo y calor hasta 12 horas<\/li>\n<\/ul>\n<p><strong>CUIDADOS<\/strong><\/p>\n<ul>\n<li>Lavar a mano con agua tibia y detergente suave<\/li>\n<li>Secar al aire<\/li>\n<li>No usar en lavavajillas, microondas ni congelador<\/li>\n<li>No usar agua hirviendo en el exterior ni productos abrasivos<\/li>\n<li>No dejar remojando en agua<\/li>\n<li>Para bebidas con gas, abrir con precauci\u00f3n<\/li>\n<li>Precauci\u00f3n con la bombilla, \u00a1no usar con agua hividendo!<\/li>\n<\/ul>\n<p>Una botella unica, funcional, resistente y con dise\u00f1o propio.<\/p>\n<p class=\"isSelectedEnd\">Todos los dise\u00f1os tienen derechos de autor \u00a9 valeria pacheco<\/p>\n","protected":false},"excerpt":{"rendered":"<p>VASO T\u00c9RMICO ILUSTRADA \u2013 1200 ML Dise\u00f1o y funcionalidad para tu d\u00eda a d\u00eda. Fabricada en acero inoxidable, esta botella mantiene tus bebidas fr\u00edas o calientes hasta por 12 horas. Su formato resistente y pr\u00e1ctico la hace ideal para acompa\u00f1arte donde vayas, mientras su dise\u00f1o ilustrado aporta un toque \u00fanico y personal. DETALLES Capacidad: 1200 [&hellip;]<\/p>\n","protected":false},"featured_media":1830,"comment_status":"open","ping_status":"closed","template":"","meta":[],"product_brand":[],"product_cat":[99],"product_tag":[20,46,100,101,32],"class_list":{"0":"post-1844","1":"product","2":"type-product","3":"status-publish","4":"has-post-thumbnail","6":"product_cat-botellas","7":"product_tag-animales","8":"product_tag-animalitos","9":"product_tag-botella","10":"product_tag-botella-termica","11":"product_tag-zorro","13":"first","14":"instock","15":"shipping-taxable","16":"purchasable","17":"product-type-simple"},"_links":{"self":[{"href":"https:\/\/papeldepapier.com\/index.php?rest_route=\/wp\/v2\/product\/1844","targetHints":{"allow":["GET"]}}],"collection":[{"href":"https:\/\/papeldepapier.com\/index.php?rest_route=\/wp\/v2\/product"}],"about":[{"href":"https:\/\/papeldepapier.com\/index.php?rest_route=\/wp\/v2\/types\/product"}],"replies":[{"embeddable":true,"href":"https:\/\/papeldepapier.com\/index.php?rest_route=%2Fwp%2Fv2%2Fcomments&post=1844"}],"wp:featuredmedia":[{"embeddable":true,"href":"https:\/\/papeldepapier.com\/index.php?rest_route=\/wp\/v2\/media\/1830"}],"wp:attachment":[{"href":"https:\/\/papeldepapier.com\/index.php?rest_route=%2Fwp%2Fv2%2Fmedia&parent=1844"}],"wp:term":[{"taxonomy":"product_brand","embeddable":true,"href":"https:\/\/papeldepapier.com\/index.php?rest_route=%2Fwp%2Fv2%2Fproduct_brand&post=1844"},{"taxonomy":"product_cat","embeddable":true,"href":"https:\/\/papeldepapier.com\/index.php?rest_route=%2Fwp%2Fv2%2Fproduct_cat&post=1844"},{"taxonomy":"product_tag","embeddable":true,"href":"https:\/\/papeldepapier.com\/index.php?rest_route=%2Fwp%2Fv2%2Fproduct_tag&post=1844"}],"curies":[{"name":"wp","href":"https:\/\/api.w.org\/{rel}","templated":true}]}}