{"id":1626,"date":"2026-02-11T19:34:26","date_gmt":"2026-02-11T23:34:26","guid":{"rendered":"https:\/\/papeldepapier.com\/?post_type=product&#038;p=1626"},"modified":"2026-02-11T19:35:41","modified_gmt":"2026-02-11T23:35:41","slug":"marcapaginas-magentico-coffee-break","status":"publish","type":"product","link":"https:\/\/papeldepapier.com\/?product=marcapaginas-magentico-coffee-break","title":{"rendered":"MARCAPAGINAS MAGENTICO COFFEE BREAK"},"content":{"rendered":"<p class=\"\" data-start=\"93\" data-end=\"228\"><strong data-start=\"93\" data-end=\"159\">Lindo marcap\u00e1ginas magn\u00e9tico con ilustraci\u00f3n del coffee break<\/strong><\/p>\n<p class=\"\" data-start=\"93\" data-end=\"228\">\u00a1El accesorio perfecto para lectores y amantes de los libros!<\/p>\n<p class=\"\" data-start=\"230\" data-end=\"383\">Este marcap\u00e1ginas cuenta con dos imanes que se fijan de forma segura a la p\u00e1gina sin da\u00f1arla, y est\u00e1 sellado con laminado holografico para mayor durabilidad y brillo.<\/p>\n<p data-start=\"76\" data-end=\"141\">Marcapaginas hecho a mano, con dise\u00f1os 100% originales, Cada marcapagina est\u00e1 hecho a mano por lo que pueden tener ligeras variaciones que los hacen \u00fanicos.<\/p>\n<p>&nbsp;<\/p>\n<p class=\"\" data-start=\"443\" data-end=\"503\">Todos los dise\u00f1os tienen derechos de autor \u00a9 valeria pacheco<\/p>\n","protected":false},"excerpt":{"rendered":"<p>Lindo marcap\u00e1ginas magn\u00e9tico con ilustraci\u00f3n del coffee break \u00a1El accesorio perfecto para lectores y amantes de los libros! Este marcap\u00e1ginas cuenta con dos imanes que se fijan de forma segura a la p\u00e1gina sin da\u00f1arla, y est\u00e1 sellado con laminado holografico para mayor durabilidad y brillo. Marcapaginas hecho a mano, con dise\u00f1os 100% originales, Cada [&hellip;]<\/p>\n","protected":false},"featured_media":1549,"comment_status":"open","ping_status":"closed","template":"","meta":[],"product_brand":[],"product_cat":[31],"product_tag":[47,35,27,28,91],"class_list":{"0":"post-1626","1":"product","2":"type-product","3":"status-publish","4":"has-post-thumbnail","6":"product_cat-marcapaginas","7":"product_tag-ardilla","8":"product_tag-gato","9":"product_tag-marcapaginas","10":"product_tag-marcapaginas-magnetico","11":"product_tag-raton","13":"first","14":"instock","15":"featured","16":"shipping-taxable","17":"purchasable","18":"product-type-simple"},"_links":{"self":[{"href":"https:\/\/papeldepapier.com\/index.php?rest_route=\/wp\/v2\/product\/1626","targetHints":{"allow":["GET"]}}],"collection":[{"href":"https:\/\/papeldepapier.com\/index.php?rest_route=\/wp\/v2\/product"}],"about":[{"href":"https:\/\/papeldepapier.com\/index.php?rest_route=\/wp\/v2\/types\/product"}],"replies":[{"embeddable":true,"href":"https:\/\/papeldepapier.com\/index.php?rest_route=%2Fwp%2Fv2%2Fcomments&post=1626"}],"wp:featuredmedia":[{"embeddable":true,"href":"https:\/\/papeldepapier.com\/index.php?rest_route=\/wp\/v2\/media\/1549"}],"wp:attachment":[{"href":"https:\/\/papeldepapier.com\/index.php?rest_route=%2Fwp%2Fv2%2Fmedia&parent=1626"}],"wp:term":[{"taxonomy":"product_brand","embeddable":true,"href":"https:\/\/papeldepapier.com\/index.php?rest_route=%2Fwp%2Fv2%2Fproduct_brand&post=1626"},{"taxonomy":"product_cat","embeddable":true,"href":"https:\/\/papeldepapier.com\/index.php?rest_route=%2Fwp%2Fv2%2Fproduct_cat&post=1626"},{"taxonomy":"product_tag","embeddable":true,"href":"https:\/\/papeldepapier.com\/index.php?rest_route=%2Fwp%2Fv2%2Fproduct_tag&post=1626"}],"curies":[{"name":"wp","href":"https:\/\/api.w.org\/{rel}","templated":true}]}}