{"id":1309,"date":"2025-11-19T17:03:10","date_gmt":"2025-11-19T21:03:10","guid":{"rendered":"https:\/\/papeldepapier.com\/?post_type=product&#038;p=1309"},"modified":"2025-12-22T09:32:47","modified_gmt":"2025-12-22T13:32:47","slug":"libreta-mis-recetas","status":"publish","type":"product","link":"https:\/\/papeldepapier.com\/?product=libreta-mis-recetas","title":{"rendered":"LIBRETA DE RECETAS: \u00a1TU COCINA, TUS SABORES!"},"content":{"rendered":"<p><strong>Libreta de Recetas: \u00a1Tu cocina, tus sabores!<\/strong><\/p>\n<p>\u00bfTe gustaria pasar la tradicion de la cocina a tu familia? o \u00bfQuieres ense\u00f1ale a tu hijo\/a a cocinar? o \u00bfEres de las que ama anotar sus recetas favoritas, esas que siempre resultan deliciosas y que quieres guardar para toda la vida?<br \/>\nEntonces esta libreta de recetas fue pensada especialmente para ti.<\/p>\n<p>Dise\u00f1ada para acompa\u00f1arte en la cocina, te permitir\u00e1 escribir paso a paso tus preparaciones, pegar recortes, anotar trucos secretos, dejar ideas para futuras recetas o incluso registrar esas combinaciones creativas que se te ocurren en el momento.<\/p>\n<p><strong>Caracter\u00edsticas especiales que la hacen \u00fanica:<\/strong><\/p>\n<ul>\n<li><strong>Cierre con el\u00e1stico:<\/strong>\u00a0ideal para mantener tus recetas protegidas, incluso si la llevas en tu bolso o entre tus utensilios.<\/li>\n<li><strong>Hojas con dise\u00f1os unicos y adorables:<\/strong> para escribir, colorear y anotar tus \u00a1100 recetas! favoritas.<\/li>\n<li><strong>Incluye un marcap\u00e1ginas<\/strong>, perfecta marcar tu p\u00e1gina y darle un toque especial.<\/li>\n<\/ul>\n<p><strong>Caracter\u00edsticas de la libreta<\/strong><\/p>\n<ul>\n<li>Libreta hecha a mano, con dise\u00f1os 100% originales.<\/li>\n<li>Tama\u00f1o A5: 21,5 cm de alto x 15,5 cm de ancho + anillado.<\/li>\n<li>100 hojas (200 p\u00e1ginas).<\/li>\n<li>Cada libreta est\u00e1 hecha a mano, por lo que puede presentar ligeras variaciones que la hacen \u00fanica.<\/li>\n<\/ul>\n<p>Perfecta para acompa\u00f1arte en tu d\u00eda a d\u00eda culinario, para guardar tus recetas familiares, tus experimentos en la cocina o para crear tu propio libro de recetas desde cero.<\/p>\n<p>Expr\u00e9sate, insp\u00edrate, y construye tu mundo de sabores en un solo lugar.<\/p>\n<p><strong>\u00a1Ll\u00e9vala contigo y empieza a escribir tu pr\u00f3xima receta estrella!<\/strong><\/p>\n<p>Todos los dise\u00f1os tienen derechos de autor \u00a9 Valeria Pacheco.<\/p>\n","protected":false},"excerpt":{"rendered":"<p>Libreta de Recetas: \u00a1Tu cocina, tus sabores! \u00bfTe gustaria pasar la tradicion de la cocina a tu familia? o \u00bfQuieres ense\u00f1ale a tu hijo\/a a cocinar? o \u00bfEres de las que ama anotar sus recetas favoritas, esas que siempre resultan deliciosas y que quieres guardar para toda la vida? Entonces esta libreta de recetas fue [&hellip;]<\/p>\n","protected":false},"featured_media":1312,"comment_status":"open","ping_status":"closed","template":"","meta":[],"product_brand":[],"product_cat":[33,17],"product_tag":[69,19,34,51,35,18,68,70],"class_list":{"0":"post-1309","1":"product","2":"type-product","3":"status-publish","4":"has-post-thumbnail","6":"product_cat-cuadernos","7":"product_cat-libretas","8":"product_tag-aventuras","9":"product_tag-cuaderno","10":"product_tag-cuadernos","11":"product_tag-gatita","12":"product_tag-gato","13":"product_tag-libreta","14":"product_tag-miel","15":"product_tag-viaje","17":"first","18":"instock","19":"featured","20":"shipping-taxable","21":"purchasable","22":"product-type-simple"},"_links":{"self":[{"href":"https:\/\/papeldepapier.com\/index.php?rest_route=\/wp\/v2\/product\/1309","targetHints":{"allow":["GET"]}}],"collection":[{"href":"https:\/\/papeldepapier.com\/index.php?rest_route=\/wp\/v2\/product"}],"about":[{"href":"https:\/\/papeldepapier.com\/index.php?rest_route=\/wp\/v2\/types\/product"}],"replies":[{"embeddable":true,"href":"https:\/\/papeldepapier.com\/index.php?rest_route=%2Fwp%2Fv2%2Fcomments&post=1309"}],"wp:featuredmedia":[{"embeddable":true,"href":"https:\/\/papeldepapier.com\/index.php?rest_route=\/wp\/v2\/media\/1312"}],"wp:attachment":[{"href":"https:\/\/papeldepapier.com\/index.php?rest_route=%2Fwp%2Fv2%2Fmedia&parent=1309"}],"wp:term":[{"taxonomy":"product_brand","embeddable":true,"href":"https:\/\/papeldepapier.com\/index.php?rest_route=%2Fwp%2Fv2%2Fproduct_brand&post=1309"},{"taxonomy":"product_cat","embeddable":true,"href":"https:\/\/papeldepapier.com\/index.php?rest_route=%2Fwp%2Fv2%2Fproduct_cat&post=1309"},{"taxonomy":"product_tag","embeddable":true,"href":"https:\/\/papeldepapier.com\/index.php?rest_route=%2Fwp%2Fv2%2Fproduct_tag&post=1309"}],"curies":[{"name":"wp","href":"https:\/\/api.w.org\/{rel}","templated":true}]}}