{"id":1277,"date":"2025-11-19T10:53:19","date_gmt":"2025-11-19T14:53:19","guid":{"rendered":"https:\/\/papeldepapier.com\/?post_type=product&#038;p=1277"},"modified":"2026-01-09T11:34:14","modified_gmt":"2026-01-09T15:34:14","slug":"libreta-hora-de-lectura-conejos","status":"publish","type":"product","link":"https:\/\/papeldepapier.com\/?product=libreta-hora-de-lectura-conejos","title":{"rendered":"LIBRETA HORA DE LECTURA CONEJOS"},"content":{"rendered":"<p class=\"\" data-start=\"76\" data-end=\"141\"><strong data-start=\"76\" data-end=\"136\">Libreta tama\u00f1o A5 con dise\u00f1os \u00fanicos, hechos a mano.<\/strong><\/p>\n<ul>\n<li data-start=\"76\" data-end=\"141\">Libreta hecha a mano, con dise\u00f1os 100% originales<\/li>\n<li class=\"\" data-start=\"158\" data-end=\"243\">\n<p class=\"\" data-start=\"160\" data-end=\"243\">Tama\u00f1o A5 21,5 cm de alto x 15,5 cm de ancho mas anillado<\/p>\n<\/li>\n<li class=\"\" data-start=\"394\" data-end=\"421\">\n<p class=\"\" data-start=\"396\" data-end=\"421\">100 hojas \/ 200 p\u00e1ginas<\/p>\n<\/li>\n<li class=\"\" data-start=\"422\" data-end=\"441\">\n<p class=\"\" data-start=\"424\" data-end=\"441\">Hojas blancas<\/p>\n<\/li>\n<li>Cada libreta est\u00e1 hecha a mano por lo que pueden tener ligeras variaciones que los hacen \u00fanicos.<\/li>\n<\/ul>\n<p>&nbsp;<\/p>\n<p class=\"\" data-start=\"443\" data-end=\"503\">Todos los dise\u00f1os tienen derechos de autor \u00a9 valeria pacheco<\/p>\n","protected":false},"excerpt":{"rendered":"<p>Libreta tama\u00f1o A5 con dise\u00f1os \u00fanicos, hechos a mano. Libreta hecha a mano, con dise\u00f1os 100% originales Tama\u00f1o A5 21,5 cm de alto x 15,5 cm de ancho mas anillado 100 hojas \/ 200 p\u00e1ginas Hojas blancas Cada libreta est\u00e1 hecha a mano por lo que pueden tener ligeras variaciones que los hacen \u00fanicos. &nbsp; [&hellip;]<\/p>\n","protected":false},"featured_media":1278,"comment_status":"open","ping_status":"closed","template":"","meta":[],"product_brand":[],"product_cat":[33,17],"product_tag":[47,19,34,18,49,32],"class_list":{"0":"post-1277","1":"product","2":"type-product","3":"status-publish","4":"has-post-thumbnail","6":"product_cat-cuadernos","7":"product_cat-libretas","8":"product_tag-ardilla","9":"product_tag-cuaderno","10":"product_tag-cuadernos","11":"product_tag-libreta","12":"product_tag-ratoncito","13":"product_tag-zorro","15":"first","16":"instock","17":"shipping-taxable","18":"purchasable","19":"product-type-variable"},"_links":{"self":[{"href":"https:\/\/papeldepapier.com\/index.php?rest_route=\/wp\/v2\/product\/1277","targetHints":{"allow":["GET"]}}],"collection":[{"href":"https:\/\/papeldepapier.com\/index.php?rest_route=\/wp\/v2\/product"}],"about":[{"href":"https:\/\/papeldepapier.com\/index.php?rest_route=\/wp\/v2\/types\/product"}],"replies":[{"embeddable":true,"href":"https:\/\/papeldepapier.com\/index.php?rest_route=%2Fwp%2Fv2%2Fcomments&post=1277"}],"wp:featuredmedia":[{"embeddable":true,"href":"https:\/\/papeldepapier.com\/index.php?rest_route=\/wp\/v2\/media\/1278"}],"wp:attachment":[{"href":"https:\/\/papeldepapier.com\/index.php?rest_route=%2Fwp%2Fv2%2Fmedia&parent=1277"}],"wp:term":[{"taxonomy":"product_brand","embeddable":true,"href":"https:\/\/papeldepapier.com\/index.php?rest_route=%2Fwp%2Fv2%2Fproduct_brand&post=1277"},{"taxonomy":"product_cat","embeddable":true,"href":"https:\/\/papeldepapier.com\/index.php?rest_route=%2Fwp%2Fv2%2Fproduct_cat&post=1277"},{"taxonomy":"product_tag","embeddable":true,"href":"https:\/\/papeldepapier.com\/index.php?rest_route=%2Fwp%2Fv2%2Fproduct_tag&post=1277"}],"curies":[{"name":"wp","href":"https:\/\/api.w.org\/{rel}","templated":true}]}}