{"id":1259,"date":"2025-11-18T14:26:45","date_gmt":"2025-11-18T18:26:45","guid":{"rendered":"https:\/\/papeldepapier.com\/?post_type=product&#038;p=1259"},"modified":"2026-01-09T10:45:21","modified_gmt":"2026-01-09T14:45:21","slug":"tarjeta-navidad-polar","status":"publish","type":"product","link":"https:\/\/papeldepapier.com\/?product=tarjeta-navidad-polar","title":{"rendered":"TARJETA NAVIDAD POLAR"},"content":{"rendered":"<p class=\"\" data-start=\"144\" data-end=\"201\"><strong data-start=\"144\" data-end=\"201\">Tarjeta de Felicitaci\u00f3n Ilustrada<\/strong><\/p>\n<p class=\"\" data-start=\"203\" data-end=\"357\">Celebra los momentos importantes con un detalle lleno de cari\u00f1o. Nuestras tarjetas ilustradas est\u00e1n pensadas para acompa\u00f1ar tus palabras m\u00e1s especiales.<\/p>\n<p class=\"\" data-start=\"203\" data-end=\"357\"><strong data-start=\"362\" data-end=\"373\">Tama\u00f1o:<\/strong> 12,5 x 17 cm aprox.<br data-start=\"388\" data-end=\"391\" \/><strong data-start=\"394\" data-end=\"407\">Interior:<\/strong> Blanco, ideal para que escribas tu propio mensaje<br data-start=\"457\" data-end=\"460\" \/><strong data-start=\"462\" data-end=\"475\">Material:<\/strong> Papel semi brillo de alta calidad<\/p>\n<p class=\"\" data-start=\"203\" data-end=\"357\"><strong data-start=\"477\" data-end=\"494\">Presentaci\u00f3n:<\/strong> Cada tarjeta viene protegida en una bolsita transparente, lista para regalar.<\/p>\n<p class=\"\" data-start=\"513\" data-end=\"735\">Perfectas para cumplea\u00f1os, aniversarios, agradecimientos o cualquier ocasi\u00f3n en que quieras hacer sonre\u00edr a alguien. Cada tarjeta est\u00e1 dise\u00f1ada con dedicaci\u00f3n y estilo \u00fanico, lista para convertirse en un recuerdo especial.<\/p>\n<p data-start=\"513\" data-end=\"735\">*incluyen sobre*<\/p>\n<p data-start=\"76\" data-end=\"141\">Tarjeta hecha a mano, con dise\u00f1os 100% originales, pueden tener ligeras variaciones que los hacen \u00fanicos.<\/p>\n<p class=\"\" data-start=\"443\" data-end=\"503\">Todos los dise\u00f1os tienen derechos de autor \u00a9 valeria pacheco<\/p>\n","protected":false},"excerpt":{"rendered":"<p>Tarjeta de Felicitaci\u00f3n Ilustrada Celebra los momentos importantes con un detalle lleno de cari\u00f1o. Nuestras tarjetas ilustradas est\u00e1n pensadas para acompa\u00f1ar tus palabras m\u00e1s especiales. Tama\u00f1o: 12,5 x 17 cm aprox.Interior: Blanco, ideal para que escribas tu propio mensajeMaterial: Papel semi brillo de alta calidad Presentaci\u00f3n: Cada tarjeta viene protegida en una bolsita transparente, lista [&hellip;]<\/p>\n","protected":false},"featured_media":1249,"comment_status":"open","ping_status":"closed","template":"","meta":[],"product_brand":[],"product_cat":[37],"product_tag":[77,56,57],"class_list":{"0":"post-1259","1":"product","2":"type-product","3":"status-publish","4":"has-post-thumbnail","6":"product_cat-tarjetas","7":"product_tag-oso","8":"product_tag-tarjeta","9":"product_tag-tarjetas","11":"first","12":"instock","13":"shipping-taxable","14":"purchasable","15":"product-type-simple"},"_links":{"self":[{"href":"https:\/\/papeldepapier.com\/index.php?rest_route=\/wp\/v2\/product\/1259","targetHints":{"allow":["GET"]}}],"collection":[{"href":"https:\/\/papeldepapier.com\/index.php?rest_route=\/wp\/v2\/product"}],"about":[{"href":"https:\/\/papeldepapier.com\/index.php?rest_route=\/wp\/v2\/types\/product"}],"replies":[{"embeddable":true,"href":"https:\/\/papeldepapier.com\/index.php?rest_route=%2Fwp%2Fv2%2Fcomments&post=1259"}],"wp:featuredmedia":[{"embeddable":true,"href":"https:\/\/papeldepapier.com\/index.php?rest_route=\/wp\/v2\/media\/1249"}],"wp:attachment":[{"href":"https:\/\/papeldepapier.com\/index.php?rest_route=%2Fwp%2Fv2%2Fmedia&parent=1259"}],"wp:term":[{"taxonomy":"product_brand","embeddable":true,"href":"https:\/\/papeldepapier.com\/index.php?rest_route=%2Fwp%2Fv2%2Fproduct_brand&post=1259"},{"taxonomy":"product_cat","embeddable":true,"href":"https:\/\/papeldepapier.com\/index.php?rest_route=%2Fwp%2Fv2%2Fproduct_cat&post=1259"},{"taxonomy":"product_tag","embeddable":true,"href":"https:\/\/papeldepapier.com\/index.php?rest_route=%2Fwp%2Fv2%2Fproduct_tag&post=1259"}],"curies":[{"name":"wp","href":"https:\/\/api.w.org\/{rel}","templated":true}]}}