{"id":1009,"date":"2025-05-15T16:10:45","date_gmt":"2025-05-15T20:10:45","guid":{"rendered":"https:\/\/papeldepapier.com\/?post_type=product&#038;p=1009"},"modified":"2026-01-09T11:37:20","modified_gmt":"2026-01-09T15:37:20","slug":"cuaderno-ecuaciones","status":"publish","type":"product","link":"https:\/\/papeldepapier.com\/?product=cuaderno-ecuaciones","title":{"rendered":"CUADERNO ECUACIONES B5"},"content":{"rendered":"<p class=\"\" data-start=\"76\" data-end=\"141\"><strong data-start=\"76\" data-end=\"136\">Cuaderno tama\u00f1o B5 con dise\u00f1os \u00fanicos, hechos a mano.<\/strong><\/p>\n<ul>\n<li data-start=\"76\" data-end=\"141\">Cuaderno hecho a mano, con dise\u00f1os 100% originales<\/li>\n<li class=\"\" data-start=\"158\" data-end=\"243\">\n<p class=\"\" data-start=\"160\" data-end=\"243\">Tama\u00f1o B5 26 cm de alto x 18,5 cm de ancho mas anillado<\/p>\n<\/li>\n<li class=\"\" data-start=\"394\" data-end=\"421\">\n<p class=\"\" data-start=\"396\" data-end=\"421\">100 hojas \/ 200 p\u00e1ginas<\/p>\n<\/li>\n<li class=\"\" data-start=\"422\" data-end=\"441\">\n<p class=\"\" data-start=\"424\" data-end=\"441\">Hojas blancas<\/p>\n<\/li>\n<li>Cada cuaderno est\u00e1 hecha a mano por lo que pueden tener ligeras variaciones que los hacen \u00fanicos.<\/li>\n<\/ul>\n<p>&nbsp;<\/p>\n<p class=\"\" data-start=\"443\" data-end=\"503\">Todos los dise\u00f1os tienen derechos de autor \u00a9 valeria pacheco<\/p>\n","protected":false},"excerpt":{"rendered":"<p>Cuaderno tama\u00f1o B5 con dise\u00f1os \u00fanicos, hechos a mano. Cuaderno hecho a mano, con dise\u00f1os 100% originales Tama\u00f1o B5 26 cm de alto x 18,5 cm de ancho mas anillado 100 hojas \/ 200 p\u00e1ginas Hojas blancas Cada cuaderno est\u00e1 hecha a mano por lo que pueden tener ligeras variaciones que los hacen \u00fanicos. &nbsp; [&hellip;]<\/p>\n","protected":false},"featured_media":998,"comment_status":"open","ping_status":"closed","template":"","meta":[],"product_brand":[],"product_cat":[33,17],"product_tag":[19,34,65,35,18,66,67],"class_list":{"0":"post-1009","1":"product","2":"type-product","3":"status-publish","4":"has-post-thumbnail","6":"product_cat-cuadernos","7":"product_cat-libretas","8":"product_tag-cuaderno","9":"product_tag-cuadernos","10":"product_tag-ecuaciones","11":"product_tag-gato","12":"product_tag-libreta","13":"product_tag-matematica","14":"product_tag-materias","16":"first","17":"instock","18":"shipping-taxable","19":"purchasable","20":"product-type-variable"},"_links":{"self":[{"href":"https:\/\/papeldepapier.com\/index.php?rest_route=\/wp\/v2\/product\/1009","targetHints":{"allow":["GET"]}}],"collection":[{"href":"https:\/\/papeldepapier.com\/index.php?rest_route=\/wp\/v2\/product"}],"about":[{"href":"https:\/\/papeldepapier.com\/index.php?rest_route=\/wp\/v2\/types\/product"}],"replies":[{"embeddable":true,"href":"https:\/\/papeldepapier.com\/index.php?rest_route=%2Fwp%2Fv2%2Fcomments&post=1009"}],"wp:featuredmedia":[{"embeddable":true,"href":"https:\/\/papeldepapier.com\/index.php?rest_route=\/wp\/v2\/media\/998"}],"wp:attachment":[{"href":"https:\/\/papeldepapier.com\/index.php?rest_route=%2Fwp%2Fv2%2Fmedia&parent=1009"}],"wp:term":[{"taxonomy":"product_brand","embeddable":true,"href":"https:\/\/papeldepapier.com\/index.php?rest_route=%2Fwp%2Fv2%2Fproduct_brand&post=1009"},{"taxonomy":"product_cat","embeddable":true,"href":"https:\/\/papeldepapier.com\/index.php?rest_route=%2Fwp%2Fv2%2Fproduct_cat&post=1009"},{"taxonomy":"product_tag","embeddable":true,"href":"https:\/\/papeldepapier.com\/index.php?rest_route=%2Fwp%2Fv2%2Fproduct_tag&post=1009"}],"curies":[{"name":"wp","href":"https:\/\/api.w.org\/{rel}","templated":true}]}}